{"id":19281,"date":"2025-05-09T08:21:37","date_gmt":"2025-05-09T08:21:37","guid":{"rendered":"https:\/\/preprod25.numeum.fr\/connection\/"},"modified":"2025-05-29T10:32:29","modified_gmt":"2025-05-29T10:32:29","slug":"connection","status":"publish","type":"page","link":"https:\/\/preprod25.numeum.fr\/en\/connection\/","title":{"rendered":"Connection"},"content":{"rendered":"<div class=\"container flex-col flex-wrap\">\n<!-- This form was created and powered by ProfilePress WordPress plugin - https:\/\/profilepress.com -->\r\n\r\n <style type=\"text\/css\">\r\nhtml body .pp-form-container .pp-2fa,\n                html body .pp-form-container .pp-form-wrapper .pp-form-field-wrap.pp-2fa {\n                    display:none;\n                }\r\n<\/style>\r\n<div id=\"pp-login-1-wrap\" class=\"pp-form-container pp-login-form-wrap\"><form data-pp-form-submit=\"login\" id='pp_login_1' method=\"post\"><div class=\"form-wrapper\">\r\n    <div class=\"form-container\">\r\n        \r\n        <div class=\"form-box\">\r\n            <div class=\"form-header\">\r\n                <p class=\"form-subtitle\">Espace adh\u00e9rent<\/p>\r\n                <h2 class=\"form-title\">Connexion<\/h2>\r\n            <\/div>\r\n\r\n            <form method=\"post\" class=\"login-form\">\r\n\t\t\t\t\r\n\t\t\t\t<div class=\"input-wrapper\">\r\n\t\t\t\t\t<label for=\"user_login\" class=\"input-label\">\r\nIdentifiant *\r\n\t\t\t\t\t<\/label>\r\n\t\t\t\t\t<input name=\"login_username\" type=\"text\" value=\"\" title=\"Username\" class=\"input-field\" placeholder=\"john.doe@email.com\" id=\"user_login\"  required=\"required\">\r\n\t\t\t\t<\/div>\r\n                <div class=\"input-wrapper\">\r\n                    <label for=\"user_pass\" class=\"form-label input-label\">Mot de passe *<\/label>\r\n                    <input name='login_password' type='password' title=\"Password\" value=\"\" class=\"login-passkey input-field\" placeholder=\"\u2022\u2022\u2022\u2022\u2022\u2022\u2022\u2022\u2022\u2022\" id=\"user_pass\"  required=\"required\">\r\n                <\/div>\r\n\t\t\t\t<div class=\"flex items-center gap-1 my-1\">\r\n\t\t\t\t\t<input name='login_remember' value='false' type='hidden'><input name='login_remember' value='true' type='checkbox' title=\"\" class=\"border border-ui-400 rounded-sm text-brand1-base focus:ring-brand1-base appearance-auto!\" id=\"rememberme\" >\r\n\t\t\t\t\t<label for=\"rememberme\">Se souvenir de moi<\/label>\r\n\t\t\t\t<\/div>\r\n\r\n                <div class=\"form-links mt-2\">\r\n                    <p class=\"lost-password\">\r\n                        <a href=\"https:\/\/preprod25.numeum.fr\/wp-login.php?action=lostpassword\" title=\"\" class=\"underline\" id=\"forgotpassword\">Vous avez oubli\u00e9 votre mot de passe ?<\/a>\r\n                    <\/p>\r\n                    \r\n                    <p class=\"form-info\">\r\n                        Votre entreprise n\u2019est pas encore adh\u00e9rente ?\r\n                        <a href=\"\/pourquoi-adherer-a-numeum\/\" class=\"form-link\">Adh\u00e9rez en ligne<\/a>\r\n                    <\/p>\r\n\r\n                    <p class=\"form-info\">\r\n                        Votre entreprise est adh\u00e9rente, mais vous n'avez pas encore d\u2019acc\u00e8s ?\r\n                        <a href=\"\/contacter-numeum\/\" class=\"form-link\">Contactez-nous<\/a>\r\n                    <\/p>\r\n\r\n                    <p class=\"form-submit\">\r\n                        <input data-pp-submit-label=\"Connexion\" data-pp-processing-label=\"Chargement en cours\" type=\"submit\" value=\"Connexion\" name=\"login_submit\" title=\"\" class=\"pp-submit-form login-submit custom-button\" id=\"\" >\r\n                    <\/p>\r\n                <\/div>\r\n            <\/form>\r\n        <\/div>\r\n    <\/div>\r\n<\/div>\r\n<input type='hidden' name='login_form_id' value='1'><input type=\"hidden\" name=\"pp_current_url\" value=\"https:\/\/preprod25.numeum.fr\/en\/wp-json\/wp\/v2\/pages\/19281\"><input type=\"hidden\" name=\"login_referrer_page\" value=\"\"><\/form><\/div>\r\n<!-- \/ ProfilePress WordPress plugin. -->\r\n\n<\/div>","protected":false},"excerpt":{"rendered":"","protected":false},"author":1,"featured_media":0,"parent":0,"menu_order":0,"comment_status":"closed","ping_status":"closed","template":"","meta":{"_acf_changed":false,"footnotes":""},"class_list":["post-19281","page","type-page","status-publish","hentry"],"acf":[],"yoast_head":"<!-- This site is optimized with the Yoast SEO plugin v27.1.1 - https:\/\/yoast.com\/product\/yoast-seo-wordpress\/ -->\n<title>Connection - Numeum<\/title>\n<meta name=\"robots\" content=\"index, follow, max-snippet:-1, max-image-preview:large, max-video-preview:-1\" \/>\n<link rel=\"canonical\" href=\"https:\/\/preprod25.numeum.fr\/en\/connection\/\" \/>\n<meta property=\"og:locale\" content=\"en_US\" \/>\n<meta property=\"og:type\" content=\"article\" \/>\n<meta property=\"og:title\" content=\"Connection - Numeum\" \/>\n<meta property=\"og:url\" content=\"https:\/\/preprod25.numeum.fr\/en\/connection\/\" \/>\n<meta property=\"og:site_name\" content=\"Numeum\" \/>\n<meta property=\"article:modified_time\" content=\"2025-05-29T10:32:29+00:00\" \/>\n<meta name=\"twitter:card\" content=\"summary_large_image\" \/>\n<script type=\"application\/ld+json\" class=\"yoast-schema-graph\">{\"@context\":\"https:\/\/schema.org\",\"@graph\":[{\"@type\":\"WebPage\",\"@id\":\"https:\/\/preprod25.numeum.fr\/en\/connection\/\",\"url\":\"https:\/\/preprod25.numeum.fr\/en\/connection\/\",\"name\":\"Connection - Numeum\",\"isPartOf\":{\"@id\":\"https:\/\/preprod25.numeum.fr\/en\/#website\"},\"datePublished\":\"2025-05-09T08:21:37+00:00\",\"dateModified\":\"2025-05-29T10:32:29+00:00\",\"breadcrumb\":{\"@id\":\"https:\/\/preprod25.numeum.fr\/en\/connection\/#breadcrumb\"},\"inLanguage\":\"en-US\",\"potentialAction\":[{\"@type\":\"ReadAction\",\"target\":[\"https:\/\/preprod25.numeum.fr\/en\/connection\/\"]}]},{\"@type\":\"BreadcrumbList\",\"@id\":\"https:\/\/preprod25.numeum.fr\/en\/connection\/#breadcrumb\",\"itemListElement\":[{\"@type\":\"ListItem\",\"position\":1,\"name\":\"Accueil\",\"item\":\"https:\/\/preprod25.numeum.fr\/en\/\"},{\"@type\":\"ListItem\",\"position\":2,\"name\":\"Connection\"}]},{\"@type\":\"WebSite\",\"@id\":\"https:\/\/preprod25.numeum.fr\/en\/#website\",\"url\":\"https:\/\/preprod25.numeum.fr\/en\/\",\"name\":\"Numeum\",\"description\":\"F\u00e9d\u00e9rer les acteurs du num\u00e9rique pour le faire rayonner sur tous les territoires.\",\"potentialAction\":[{\"@type\":\"SearchAction\",\"target\":{\"@type\":\"EntryPoint\",\"urlTemplate\":\"https:\/\/preprod25.numeum.fr\/en\/?s={search_term_string}\"},\"query-input\":{\"@type\":\"PropertyValueSpecification\",\"valueRequired\":true,\"valueName\":\"search_term_string\"}}],\"inLanguage\":\"en-US\"}]}<\/script>\n<!-- \/ Yoast SEO plugin. -->","yoast_head_json":{"title":"Connection - Numeum","robots":{"index":"index","follow":"follow","max-snippet":"max-snippet:-1","max-image-preview":"max-image-preview:large","max-video-preview":"max-video-preview:-1"},"canonical":"https:\/\/preprod25.numeum.fr\/en\/connection\/","og_locale":"en_US","og_type":"article","og_title":"Connection - Numeum","og_url":"https:\/\/preprod25.numeum.fr\/en\/connection\/","og_site_name":"Numeum","article_modified_time":"2025-05-29T10:32:29+00:00","twitter_card":"summary_large_image","schema":{"@context":"https:\/\/schema.org","@graph":[{"@type":"WebPage","@id":"https:\/\/preprod25.numeum.fr\/en\/connection\/","url":"https:\/\/preprod25.numeum.fr\/en\/connection\/","name":"Connection - Numeum","isPartOf":{"@id":"https:\/\/preprod25.numeum.fr\/en\/#website"},"datePublished":"2025-05-09T08:21:37+00:00","dateModified":"2025-05-29T10:32:29+00:00","breadcrumb":{"@id":"https:\/\/preprod25.numeum.fr\/en\/connection\/#breadcrumb"},"inLanguage":"en-US","potentialAction":[{"@type":"ReadAction","target":["https:\/\/preprod25.numeum.fr\/en\/connection\/"]}]},{"@type":"BreadcrumbList","@id":"https:\/\/preprod25.numeum.fr\/en\/connection\/#breadcrumb","itemListElement":[{"@type":"ListItem","position":1,"name":"Accueil","item":"https:\/\/preprod25.numeum.fr\/en\/"},{"@type":"ListItem","position":2,"name":"Connection"}]},{"@type":"WebSite","@id":"https:\/\/preprod25.numeum.fr\/en\/#website","url":"https:\/\/preprod25.numeum.fr\/en\/","name":"Numeum","description":"F\u00e9d\u00e9rer les acteurs du num\u00e9rique pour le faire rayonner sur tous les territoires.","potentialAction":[{"@type":"SearchAction","target":{"@type":"EntryPoint","urlTemplate":"https:\/\/preprod25.numeum.fr\/en\/?s={search_term_string}"},"query-input":{"@type":"PropertyValueSpecification","valueRequired":true,"valueName":"search_term_string"}}],"inLanguage":"en-US"}]}},"_links":{"self":[{"href":"https:\/\/preprod25.numeum.fr\/en\/wp-json\/wp\/v2\/pages\/19281","targetHints":{"allow":["GET"]}}],"collection":[{"href":"https:\/\/preprod25.numeum.fr\/en\/wp-json\/wp\/v2\/pages"}],"about":[{"href":"https:\/\/preprod25.numeum.fr\/en\/wp-json\/wp\/v2\/types\/page"}],"author":[{"embeddable":true,"href":"https:\/\/preprod25.numeum.fr\/en\/wp-json\/wp\/v2\/users\/1"}],"replies":[{"embeddable":true,"href":"https:\/\/preprod25.numeum.fr\/en\/wp-json\/wp\/v2\/comments?post=19281"}],"version-history":[{"count":3,"href":"https:\/\/preprod25.numeum.fr\/en\/wp-json\/wp\/v2\/pages\/19281\/revisions"}],"predecessor-version":[{"id":21185,"href":"https:\/\/preprod25.numeum.fr\/en\/wp-json\/wp\/v2\/pages\/19281\/revisions\/21185"}],"wp:attachment":[{"href":"https:\/\/preprod25.numeum.fr\/en\/wp-json\/wp\/v2\/media?parent=19281"}],"curies":[{"name":"wp","href":"https:\/\/api.w.org\/{rel}","templated":true}]}}